{"id":3902,"date":"2025-08-26T10:46:25","date_gmt":"2025-08-26T10:46:25","guid":{"rendered":"https:\/\/www.kroll-amkro.com\/cookie-policy\/"},"modified":"2025-09-18T06:48:18","modified_gmt":"2025-09-18T06:48:18","slug":"cookie-policy","status":"publish","type":"page","link":"https:\/\/www.kroll-amkro.com\/en\/cookie-policy\/","title":{"rendered":"Cookie policy"},"content":{"rendered":"<style>#gspb_row-id-gsbp-5647e2d{justify-content:space-between;margin-top:0px;margin-bottom:0px;display:flex;flex-wrap:wrap;}#gspb_row-id-gsbp-5647e2d > .gspb_row__content{display:flex;justify-content:space-between;margin:0 auto;width:100%;flex-wrap:wrap;}.gspb_row{position:relative;}div[id^=gspb_col-id]{box-sizing:border-box;position:relative;}#gspb_row-id-gsbp-5647e2d > .gspb_row__content{max-width:1320px;}#gspb_row-id-gsbp-5647e2d{padding-top:120px;padding-bottom:120px;}#gspb_row-id-gsbp-5647e2d{min-height:100vh;}<\/style>\n<section class=\"wp-block-greenshift-blocks-row alignfull gspb_row gspb_row-id-gsbp-5647e2d ar-gutter\" id=\"gspb_row-id-gsbp-5647e2d\"><div class=\"gspb_row__content\"> <style>#gspb_col-id-gsbp-3740c67.gspb_row__col--12{width:100%;}@media (max-width:575.98px){#gspb_col-id-gsbp-3740c67.gspb_row__col--12{width:100%;}}.gspb_row #gspb_col-id-gsbp-3740c67.gspb_row__col--12{padding-top:90px;padding-bottom:30px;}<\/style>\n<div class=\"wp-block-greenshift-blocks-row-column gspb_row__col--12 gspb_col-id-gsbp-3740c67\" id=\"gspb_col-id-gsbp-3740c67\"><style>.gsbp-8001182{color:var(--wp--preset--color--dark,#202020);padding-bottom:30px;font-size:var(--wp--preset--font-size--50-px,clamp(1.875rem,1.625rem + 1.25vw,3.125rem));}<\/style>\n<h1 class=\"gsbp-8001182\">COOKIE POLICY<\/h1>\n\n\n<style>.gsbp-7cd10c0{margin-bottom:20px;}<\/style>\n<h2 class=\"gsbp-7cd10c0\">What are cookies?<\/h2>\n\n\n<style>.gsbp-5b6c9f1{padding-bottom:20px;}<\/style>\n<p class=\"ar-paragraph gsbp-5b6c9f1\">Cookies are small text strings that are stored on your computer when you visit certain pages on the Internet. Cookies can perform various functions, such as allowing you to navigate between pages efficiently, remembering your preferences, and generally improving your experience on the site.<br><br>Some cookies are used to perform computer authentication, session monitoring, and storage of specific information about users who access a web page. These cookies, known as technical cookies, are often useful because they can make browsing and using the web faster and more efficient, for example by facilitating certain procedures when you shop online, when you log in to restricted areas, or when a website automatically recognizes which language you usually use.<br><br>A particular type of cookie, known as analytics or monitoring cookies, is used by website operators to collect information, in aggregate form, on the number of users and how they visit the site, and then to compile general statistics on the service and its use.<br><br>Other cookies can be used to monitor and profile users while they browse, study their movements and web browsing or consumption habits, also for the purpose of sending targeted and personalized advertising. In this case, we are talking about profiling or marketing cookies.<br><br>A web page may also contain cookies from other sites and content in various elements hosted on the page itself, such as advertising banners, images, videos, etc. In these cases, we refer to so-called third-party cookies, which are usually used for profiling purposes. This means that the cookies you download to your PC, smartphone, or tablet can also be read by parties other than those who manage the web pages you visit.<br><br>If you want to learn more, visit the following websites:<br><br>www.allaboutcookies.org<br>www.youronlinechoices.eu<br>www.garanteprivacy.it\/cookie<\/p>\n\n\n<style>.gsbp-63ac3e2{margin-bottom:20px;}<\/style>\n<h2 class=\"gsbp-63ac3e2\">How can I disable cookies?<\/h2>\n\n\n<style>.gsbp-aabb098{padding-bottom:20px;}<\/style>\n<p class=\"ar-paragraph gsbp-aabb098\">First of all, you can express your preferences using the features in the banner.<br>You can also change the default \u201csecurity and privacy\u201d settings of your browser. Here are some examples for the most popular browsers:<br><br>Microsoft Edge<br>Click on the three dots icon in the top right corner and select \u201cSettings.\u201d Select the \u2018Privacy, search, and services\u2019 menu and \u2018Cookies and site permissions\u2019. Here you can adjust your cookie settings.<br><br>Google Chrome<br>Click on the three vertical dots in the top right corner and select \u2018Privacy and security\u2019. Here you can adjust your cookie settings.<br><br>Mozilla Firefox<br>From the drop-down menu (three horizontal bars) in the top right corner, select \u2018Settings\u2019 and \u2018Privacy and security\u2019. Here you can adjust your cookie settings.<br><br>Safari<br>From the settings menu, select \u2018Preferences\u2019 and click on Privacy. Here you can adjust your cookie settings.<\/p>\n\n\n<style>.gsbp-551195e{margin-bottom:20px;}<\/style>\n<h2 class=\"gsbp-551195e\">Cookie utilizzati dal sito www.kroll-amkro.com<\/h2>\n\n\n<style>.gsbp-9801b10{padding-bottom:20px;}<\/style>\n<p class=\"ar-paragraph gsbp-9801b10\">La presente informativa \u00e8 redatta in adempimento degli obblighi previsti dall\u2019art. 13 del Regolamento (UE) 2016\/679 (\u201cGDPR\u201d), nonch\u00e9 a quanto previsto dalla normativa applicabile in materia di Cookie, e riguarda esclusivamente questo sito web.<\/p>\n\n\n<style>.gsbp-e8c9f30{margin-bottom:20px;}<\/style>\n<h2 class=\"gsbp-e8c9f30\">Cookie tecnici, anche di sessione (indispensabili per la gestione del sito):<\/h2>\n\n\n<style>.gsbp-6f562ca{padding-bottom:20px;}<\/style>\n<p class=\"ar-paragraph gsbp-6f562ca\">I cookie tecnici utilizzati da questo sito web sono strettamente necessari al funzionamento del sito stesso, all\u2019erogazione dei relativi servizi e a garantire all\u2019utente la normale navigazione e fruizione del sito.<\/p>\n\n\n<style>.gsbp-119b5c2{border-collapse:collapse;table-layout:fixed;}.gsbp-119b5c2 td{padding-top:6px;padding-bottom:6px;padding-right:12px;padding-left:12px;border-style:solid;border-width:1px;border-color:#00000012;font-size:14px;}.gsbp-119b5c2 th{padding-top:6px;padding-bottom:6px;padding-right:12px;padding-left:12px;border-style:solid;border-width:1px;border-color:#00000012;font-size:16px;background-color:var(--wp--preset--color--lightbg,#cddceb21);}.gsbp-119b5c2{width:100% !important;font-size:var(--wp--preset--font-size--18-px,clamp(1rem,0.975rem + 0.125vw,1.125rem)) !important;margin-bottom:30px !important;}<\/style>\n<table class=\"gsbp-119b5c2\">\n<tr><style>table th.gsbp-4da95c6{font-size:var(--wp--preset--font-size--20-px,clamp(1.125rem,1.1rem + 0.125vw,1.25rem));}<\/style>\n<th class=\"gsbp-4da95c6\">Nome<\/th>\n\n\n<style>table th.gsbp-5c78135{font-size:var(--wp--preset--font-size--20-px,clamp(1.125rem,1.1rem + 0.125vw,1.25rem));}<\/style>\n<th class=\"gsbp-5c78135\">Provider<\/th>\n\n\n\n<th>Scopo<\/th>\n\n\n\n<th>Scadenza<\/th>\n\n\n\n<th>Tipo<\/th>\n\n\n\n<th>Paese di destinazione *<\/th>\n<\/tr>\n\n\n\n<tr>\n<td>wpEmojiSettingsSupports<\/td>\n\n\n\n<td>kroll-amkro.com<\/td>\n\n\n\n<td>Supports the correct display of emojis in the browser<\/td>\n\n\n\n<td>Session<\/td>\n\n\n\n<td>First-party<\/td>\n\n\n\n<td>Ireland<\/td>\n<\/tr>\n<\/table>\n\n\n<style>.gsbp-a108f22{margin-bottom:20px;}<\/style>\n<h2 class=\"gsbp-a108f22\">Cookie analytics o di monitoraggio<\/h2>\n\n\n<style>.gsbp-2a6d32f{padding-bottom:20px;}<\/style>\n<p class=\"ar-paragraph gsbp-2a6d32f\">Questi cookie sono volti alla raccolta di informazioni basate sulle interazioni degli utenti tramite la navigazione del Sito, al fine di misurare dati e generare statistiche sull\u2019utilizzo del sito web stesso, utili per finalit\u00e0 di reporting del titolare del trattamento.<\/p>\n\n\n<style>.gsbp-2db0157{margin-bottom:20px;}<\/style>\n<h2 class=\"gsbp-2db0157\">Utilizzo del servizio statistiche di navigazione <\/h2>\n\n\n<style>.gsbp-103e524{padding-bottom:20px;}<\/style>\n<p class=\"ar-paragraph gsbp-103e524\">Questo sito Web utilizza un servizio di Web Analytics fornito da Google Analytics 4. Il sistema di misurazione pu\u00f2 far uso di &#8220;cookies&#8221;, piccoli file di testo che vengono depositati sul PC del navigatore per consentire di analizzare anonimamente le modalit\u00e0 di utilizzo del sito. Le informazioni, completamente anonime, memorizzate nei cookies sono: data e ora di accesso al sito, ID univoco, ID di sessione Questi dati vengono inviati ai server di KROLL SRL dove \u00e8 stato installato il software per elaborare report relativi alle modalit\u00e0 di utilizzo di questo sito Web, alle attivit\u00e0 di web marketing, nonch\u00e8 per fornire al navigatore funzionalit\u00e0 e interazione durante la navigazione. In qualunque momento \u00e8 possibile disabilitare i cookies dal PC modificando le impostazioni di Sicurezza e Privacy presenti sul browser, ma quest&#8217;opzione potrebbe limitare molte delle funzionalit\u00e0 di navigazione del sito. L&#8217;informativa \u00e8 disponibile su <a href=\"https:\/\/support.google.com\/analytics\/topic\/2919631?hl=it&amp;ref_topic=1008008&amp;sjid=15213199380333704893-EU\" target=\"_blank\" rel=\"noreferrer noopener nofollow\">https:\/\/support.google.com\/analytics\/topic\/2919631?hl=it&amp;ref_topic=1008008&amp;sjid=15213199380333704893-EU<\/a><\/p>\n\n\n<style>.gsbp-4e1ce2f{border-collapse:collapse;table-layout:fixed;}.gsbp-4e1ce2f td{padding-top:6px;padding-bottom:6px;padding-right:12px;padding-left:12px;border-style:solid;border-width:1px;border-color:#00000012;font-size:14px;}.gsbp-4e1ce2f th{padding-top:6px;padding-bottom:6px;padding-right:12px;padding-left:12px;border-style:solid;border-width:1px;border-color:#00000012;font-size:16px;background-color:var(--wp--preset--color--lightbg,#cddceb21);}.gsbp-4e1ce2f{width:100% !important;font-size:var(--wp--preset--font-size--18-px,clamp(1rem,0.975rem + 0.125vw,1.125rem)) !important;margin-bottom:30px !important;}<\/style>\n<table class=\"gsbp-4e1ce2f\">\n<tr><style>table th.gsbp-61af168{font-size:var(--wp--preset--font-size--20-px,clamp(1.125rem,1.1rem + 0.125vw,1.25rem));}<\/style>\n<th class=\"gsbp-61af168\">Nome<\/th>\n\n\n<style>table th.gsbp-309fe0b{font-size:var(--wp--preset--font-size--20-px,clamp(1.125rem,1.1rem + 0.125vw,1.25rem));}<\/style>\n<th class=\"gsbp-309fe0b\">Provider<\/th>\n\n\n\n<th>Scopo<\/th>\n\n\n\n<th>Scadenza<\/th>\n\n\n\n<th>Tipo<\/th>\n\n\n\n<th>Paese di destinazione *<\/th>\n<\/tr>\n\n\n\n<tr>\n<td>_ga<\/td>\n\n\n\n<td>kroll-amkro.com<\/td>\n\n\n\n<td>Used to distinguish users by assigning a randomly generated number (Google Analytics)<\/td>\n\n\n\n<td>1 year 1 month<\/td>\n\n\n\n<td>First-party<\/td>\n\n\n\n<td>Ireland<\/td>\n<\/tr>\n\n\n\n<tr>\n<td>_ga_M0PWDWEV67<\/td>\n\n\n\n<td>kroll-amkro.com<\/td>\n\n\n\n<td>Used by Google Analytics to maintain session state<\/td>\n\n\n\n<td>1 year 1 month<\/td>\n\n\n\n<td>First-party<\/td>\n\n\n\n<td>Ireland<\/td>\n<\/tr>\n<\/table>\n\n\n<style>.gsbp-c67e34c{margin-bottom:20px;}<\/style>\n<h2 class=\"gsbp-c67e34c\">Cookie di preferenza<\/h2>\n\n\n<style>.gsbp-4df0473{padding-bottom:20px;}<\/style>\n<p class=\"ar-paragraph gsbp-4df0473\">I cookie per le preferenze consentono a un sito web di ricordare le informazioni che influenzano il modo in cui il sito si comporta o si presenta, come la lingua preferita o la regione che ti trovi. Questi cookie possono essere disabilitati, tuttavia alcuni servizi del sito potrebbero non essere utilizzabili.<\/p>\n\n\n<style>.gsbp-d063231{border-collapse:collapse;table-layout:fixed;}.gsbp-d063231 td{padding-top:6px;padding-bottom:6px;padding-right:12px;padding-left:12px;border-style:solid;border-width:1px;border-color:#00000012;font-size:14px;}.gsbp-d063231 th{padding-top:6px;padding-bottom:6px;padding-right:12px;padding-left:12px;border-style:solid;border-width:1px;border-color:#00000012;font-size:16px;background-color:var(--wp--preset--color--lightbg,#cddceb21);}.gsbp-d063231{width:100% !important;font-size:var(--wp--preset--font-size--18-px,clamp(1rem,0.975rem + 0.125vw,1.125rem)) !important;margin-bottom:30px !important;}<\/style>\n<table class=\"gsbp-d063231\">\n<tr><style>table th.gsbp-8e886c9{font-size:var(--wp--preset--font-size--20-px,clamp(1.125rem,1.1rem + 0.125vw,1.25rem));}<\/style>\n<th class=\"gsbp-8e886c9\">Nome<\/th>\n\n\n<style>table th.gsbp-881ed76{font-size:var(--wp--preset--font-size--20-px,clamp(1.125rem,1.1rem + 0.125vw,1.25rem));}<\/style>\n<th class=\"gsbp-881ed76\">Provider<\/th>\n\n\n\n<th>Scopo<\/th>\n\n\n\n<th>Scadenza<\/th>\n\n\n\n<th>Tipo<\/th>\n\n\n\n<th>Paese di destinazione *<\/th>\n<\/tr>\n\n\n\n<tr>\n<td>wp-wpml_current_language<\/td>\n\n\n\n<td>kroll-amkro.com<\/td>\n\n\n\n<td>Stores the user\u2019s selected language preference<\/td>\n\n\n\n<td>Session<\/td>\n\n\n\n<td>First-party<\/td>\n\n\n\n<td>Italy<\/td>\n<\/tr>\n<\/table>\n\n\n<style>.gsbp-ee1ffd6{margin-bottom:20px;}<\/style>\n<h2 class=\"gsbp-ee1ffd6\">Cookie di marketing\/profilazione, contenuti embeddati e plugin Social<\/h2>\n\n\n<style>.gsbp-d050aae{padding-bottom:10px;}<\/style>\n<p class=\"ar-paragraph gsbp-d050aae\">I cookie per il marketing vengono utilizzati per monitorare i visitatori nei siti web. L&#8217;intento \u00e8 quello di visualizzare annunci pertinenti e coinvolgenti per il singolo utente e quindi quelli di maggior valore per gli editori e gli inserzionisti terzi. Si tratta generalmente di cookie di terze parti. Questi cookie possono essere disabilitati, tuttavia alcuni servizi del sito potrebbero non essere utilizzabili.<br>Questo sito utilizza inoltre plugin Social per la condivisione e contenuti embeddati da Youtube, Twitter, Facebook, Linkedin, Instagram e in generale in base all\u2019occorrenza contenuti embeddabili di altre piattaforme.<\/p>\n\n\n<style>.gsbp-3703ca0{padding-bottom:20px;}<\/style>\n<p class=\"ar-paragraph gsbp-3703ca0\">Di seguito alcuni link utili alle policy cookie delle terze parti citate:<br>Linkedin https:\/\/www.linkedin.com\/legal\/cookie-policy?trk=hb_ft_cookie<br>Facebook https:\/\/www.facebook.com\/help\/cookies\/<br>Youtube https:\/\/www.google.it\/intl\/it\/policies\/privacy\/<br>Google+ http:\/\/www.google.com\/policies\/technologies\/types\/<br>Instagram https:\/\/instagram.com\/about\/legal\/privacy\/<br>Twitter https:\/\/twitter.com\/privacy?lang=it<br>Vimeo https:\/\/vimeo.com\/cookie_policy<br>Pinterest https:\/\/about.pinterest.com\/it\/privacy-policy<\/p>\n\n\n<style>.gsbp-9bb5dfd{border-collapse:collapse;table-layout:fixed;}.gsbp-9bb5dfd td{padding-top:6px;padding-bottom:6px;padding-right:12px;padding-left:12px;border-style:solid;border-width:1px;border-color:#00000012;font-size:14px;}.gsbp-9bb5dfd th{padding-top:6px;padding-bottom:6px;padding-right:12px;padding-left:12px;border-style:solid;border-width:1px;border-color:#00000012;font-size:16px;background-color:var(--wp--preset--color--lightbg,#cddceb21);}.gsbp-9bb5dfd{width:100% !important;font-size:var(--wp--preset--font-size--18-px,clamp(1rem,0.975rem + 0.125vw,1.125rem)) !important;margin-bottom:30px !important;}<\/style>\n<table class=\"gsbp-9bb5dfd\">\n<tr><style>table th.gsbp-9f76444{font-size:var(--wp--preset--font-size--20-px,clamp(1.125rem,1.1rem + 0.125vw,1.25rem));}<\/style>\n<th class=\"gsbp-9f76444\">Nome<\/th>\n\n\n<style>table th.gsbp-61ac18c{font-size:var(--wp--preset--font-size--20-px,clamp(1.125rem,1.1rem + 0.125vw,1.25rem));}<\/style>\n<th class=\"gsbp-61ac18c\">Provider<\/th>\n\n\n\n<th>Scopo<\/th>\n\n\n\n<th>Scadenza<\/th>\n\n\n\n<th>Tipo<\/th>\n\n\n\n<th>Paese di destinazione *<\/th>\n<\/tr>\n\n\n\n<tr>\n<td>Social plugins (Facebook, Instagram, YouTube, etc.)<\/td>\n\n\n\n<td>Third-party providers<\/td>\n\n\n\n<td>Allow sharing and display of embedded content from social platforms<\/td>\n\n\n\n<td>Varies<\/td>\n\n\n\n<td>Third-party<\/td>\n\n\n\n<td>See provider policy<\/td>\n<\/tr>\n<\/table>\n\n\n<style>.gsbp-e717849{margin-bottom:20px;}<\/style>\n<h2 class=\"gsbp-e717849\">Cookie duration<\/h2>\n\n\n<style>.gsbp-76217a2{padding-bottom:10px;}<\/style>\n<p class=\"ar-paragraph gsbp-76217a2\">The cookies used by the website www.kroll-amkro.com expire according to the deadlines indicated in the tables above.<\/p>\n\n\n<style>.gsbp-04e22f5{margin-bottom:20px;}<\/style>\n<h2 class=\"gsbp-04e22f5\">Privacy policy for the website www.kroll-amkro.com<\/h2>\n\n\n<style>.gsbp-fede324{padding-bottom:10px;}<\/style>\n<p class=\"ar-paragraph gsbp-fede324\">For further information and a complete Privacy Policy for the website www.kroll-amkro.com click <a href=\"https:\/\/www.kroll-amkro.com\/en\/privacy-policy\/\" target=\"_blank\" rel=\"noreferrer noopener\">here.<\/a><\/p>\n\n\n<style>.gsbp-5817e28{margin-bottom:20px;}<\/style>\n<h2 class=\"gsbp-5817e28\">Rights of the data subject<\/h2>\n\n\n<style>.gsbp-56bef85{padding-bottom:10px;}<\/style>\n<p class=\"ar-paragraph gsbp-56bef85\">The data subject has the right to obtain, in the cases provided for, access to their personal data and the rectification or erasure of the same or the restriction of processing concerning them or to object to the processing (Articles 15 et seq. of the GDPR), by contacting the Data Controller at the following email address: kroll@kroll-amkro.com.<br>To change your preferences regarding cookies installed by the website, clic <a href=\"#\" class=\"iubenda-cs-preferences-link\">here.<\/a> <\/p>\n\n\n<style>.gsbp-6b8bf5c{margin-bottom:20px;}<\/style>\n<h3 class=\"gsbp-6b8bf5c\">For more information, please contact the Data Controller:<\/h3>\n\n\n<style>.gsbp-0e9e59d{padding-bottom:50px;}<\/style>\n<p class=\"ar-paragraph gsbp-0e9e59d\">KROLL SRL<br>Via Luigi Mazzon, 21 &#8211; 30020 Quarto d&#8217;Altino (VE) &#8211; Italy<br>Tel. +39 0422 823794 &#8211; Fax +39 0422 826728<br>eM.: kroll@kroll-amkro.com<br><br>Last modified: 01\/09\/2025<\/p>\n<\/div>\n <\/div><\/section>\n","protected":false},"excerpt":{"rendered":"","protected":false},"author":7,"featured_media":0,"parent":0,"menu_order":0,"comment_status":"closed","ping_status":"closed","template":"","meta":{"_acf_changed":false,"_gspb_post_css":"","footnotes":""},"class_list":["post-3902","page","type-page","status-publish","hentry"],"acf":[],"_links":{"self":[{"href":"https:\/\/www.kroll-amkro.com\/en\/wp-json\/wp\/v2\/pages\/3902","targetHints":{"allow":["GET"]}}],"collection":[{"href":"https:\/\/www.kroll-amkro.com\/en\/wp-json\/wp\/v2\/pages"}],"about":[{"href":"https:\/\/www.kroll-amkro.com\/en\/wp-json\/wp\/v2\/types\/page"}],"author":[{"embeddable":true,"href":"https:\/\/www.kroll-amkro.com\/en\/wp-json\/wp\/v2\/users\/7"}],"replies":[{"embeddable":true,"href":"https:\/\/www.kroll-amkro.com\/en\/wp-json\/wp\/v2\/comments?post=3902"}],"version-history":[{"count":3,"href":"https:\/\/www.kroll-amkro.com\/en\/wp-json\/wp\/v2\/pages\/3902\/revisions"}],"predecessor-version":[{"id":4054,"href":"https:\/\/www.kroll-amkro.com\/en\/wp-json\/wp\/v2\/pages\/3902\/revisions\/4054"}],"wp:attachment":[{"href":"https:\/\/www.kroll-amkro.com\/en\/wp-json\/wp\/v2\/media?parent=3902"}],"curies":[{"name":"wp","href":"https:\/\/api.w.org\/{rel}","templated":true}]}}